{"id":877,"date":"2024-07-11T15:33:34","date_gmt":"2024-07-11T19:33:34","guid":{"rendered":"https:\/\/new.poly-robotics.com\/?page_id=877"},"modified":"2025-01-14T10:13:18","modified_gmt":"2025-01-14T15:13:18","slug":"soumission","status":"publish","type":"page","link":"https:\/\/poly-robotics.com\/index.php\/soumission\/","title":{"rendered":"Soumission"},"content":{"rendered":"\n<div id=\"wp-block-themeisle-blocks-advanced-columns-71126027\" class=\"wp-block-themeisle-blocks-advanced-columns alignfull has-1-columns has-desktop-equal-layout has-tablet-equal-layout has-mobile-equal-layout has-vertical-center\"><div class=\"wp-block-themeisle-blocks-advanced-columns-overlay\"><\/div><div class=\"innerblocks-wrap\">\n<div id=\"wp-block-themeisle-blocks-advanced-column-3173e8ac\" class=\"wp-block-themeisle-blocks-advanced-column\">\n<h1 class=\"wp-block-heading has-text-align-center has-nv-text-dark-bg-color has-text-color\">soumission<\/h1>\n<\/div>\n<\/div><\/div>\n\n\n\n<div id=\"wp-block-themeisle-blocks-advanced-columns-c5aa1b04\" class=\"wp-block-themeisle-blocks-advanced-columns alignfull has-2-columns has-desktop-equal-layout has-tablet-equal-layout has-mobile-collapsedRows-layout has-vertical-unset ticss-55a3c79e\"><div class=\"wp-block-themeisle-blocks-advanced-columns-overlay\"><\/div><div class=\"innerblocks-wrap\">\n<div id=\"wp-block-themeisle-blocks-advanced-column-4359538b\" class=\"wp-block-themeisle-blocks-advanced-column has-dark-bg\">\n<div id=\"wp-block-themeisle-blocks-font-awesome-icons-8230ef41\" class=\"wp-block-themeisle-blocks-font-awesome-icons\"><span class=\"wp-block-themeisle-blocks-font-awesome-icons-container\"><i class=\"fas fa-exchange-alt\"><\/i><\/span><\/div>\n\n\n\n<h3 id=\"wp-block-themeisle-blocks-advanced-heading-8bb30f24\" class=\"wp-block-themeisle-blocks-advanced-heading wp-block-themeisle-blocks-advanced-heading-8bb30f24\">1. conception des PROPOSITIONS <\/h3>\n\n\n\n<p class=\"has-text-align-center has-white-color has-text-color\">Gr\u00e2ce aux multiples \u00e9changes avec le client, nous d\u00e9terminons exactement quel type de cellule robotique est n\u00e9cessaire.<\/p>\n<\/div>\n\n\n\n<div id=\"wp-block-themeisle-blocks-advanced-column-2a9965a3\" class=\"wp-block-themeisle-blocks-advanced-column has-dark-bg\">\n<div id=\"wp-block-themeisle-blocks-font-awesome-icons-4c280ecc\" class=\"wp-block-themeisle-blocks-font-awesome-icons\"><span class=\"wp-block-themeisle-blocks-font-awesome-icons-container\"><i class=\"fas fa-file-signature\"><\/i><\/span><\/div>\n\n\n\n<h3 id=\"wp-block-themeisle-blocks-advanced-heading-4981c0d7\" class=\"wp-block-themeisle-blocks-advanced-heading wp-block-themeisle-blocks-advanced-heading-4981c0d7\">2. signature du contrat<\/h3>\n\n\n\n<p class=\"has-text-align-center has-white-color has-text-color\">Une fois le concept choisi, nous signerons un contrat acceptant les conditions de paiement, la date de livraison, les exigences de qualit\u00e9, etc.<\/p>\n<\/div>\n<\/div><\/div>\n\n\n\n<p class=\"has-text-align-center has-medium-font-size\"><strong>L&rsquo;\u00e9tape de conception des propositions est primordiale, elle peut prendre un certain temps puisqu&rsquo;elle demande beaucoup d&rsquo;\u00e9changes entre vous et Poly-Robotics afin de vous donner un produit r\u00e9alisable. Cette \u00e9tape vous donnera une id\u00e9e du tarif et du d\u00e9lai de votre projet. <\/strong><br><\/p>\n\n\n\n<div id=\"wp-block-themeisle-blocks-form-00a39520\" class=\"wp-block-themeisle-blocks-form\" data-option-name=\"bf9b28ff82ce323187abc5d0feb0d8f07ecd8436_00a39520\"><form class=\"otter-form__container\">\n<div id=\"wp-block-themeisle-blocks-form-input-cfbacd83\" class=\"wp-block-themeisle-blocks-form-input\"><label for=\"wp-block-themeisle-blocks-form-input-cfbacd83-input\" class=\"otter-form-input-label\"><span class=\"otter-form-input-label__label\"><strong>Nom<\/strong><\/span><span class=\"required\">*<\/span><\/label><input type=\"text\" id=\"wp-block-themeisle-blocks-form-input-cfbacd83-input\" required class=\"otter-form-input\"\/><\/div>\n\n\n\n<div id=\"wp-block-themeisle-blocks-form-input-6eaa7a9e\" class=\"wp-block-themeisle-blocks-form-input\"><label for=\"wp-block-themeisle-blocks-form-input-6eaa7a9e-input\" class=\"otter-form-input-label\"><span class=\"otter-form-input-label__label\"><strong>Compagnie<\/strong><\/span><\/label><input type=\"text\" id=\"wp-block-themeisle-blocks-form-input-6eaa7a9e-input\" class=\"otter-form-input\"\/><\/div>\n\n\n\n<div id=\"wp-block-themeisle-blocks-form-input-dcebdd74\" class=\"wp-block-themeisle-blocks-form-input\"><label for=\"wp-block-themeisle-blocks-form-input-dcebdd74-input\" class=\"otter-form-input-label\"><span class=\"otter-form-input-label__label\"><strong>Email<\/strong><\/span><span class=\"required\">*<\/span><\/label><input type=\"email\" id=\"wp-block-themeisle-blocks-form-input-dcebdd74-input\" required class=\"otter-form-input\"\/><\/div>\n\n\n<div class=\"protection\" aria-hidden=\"true\"><input type=\"hidden\" id=\"wp-block-themeisle-blocks-form-00a39520_nonce_field\" name=\"wp-block-themeisle-blocks-form-00a39520_nonce_field\" value=\"1780289a98\" \/><input type=\"hidden\" name=\"_wp_http_referer\" value=\"\/index.php\/wp-json\/wp\/v2\/pages\/877\" \/><input class=\"o-anti-bot\" type=\"checkbox\"><\/div>\n\n<div class=\" is-style-hidden-label wp-block-themeisle-blocks-form-multiple-choice\" id=\"wp-block-themeisle-blocks-form-input-67abe803\"><label class=\"otter-form-input-label\" for=\"wp-block-themeisle-blocks-form-input-67abe803\" ><strong>Soumission pour<\/strong>:<\/label><select id=\"wp-block-themeisle-blocks-form-input-67abe803\"  name=\"wp-block-themeisle-blocks-form-input-67abe803\"><option value=\"cellule-sur-mesure\">Cellule sur mesure<\/option><\/select><span class=\"o-form-help\"><\/span><\/div>\n\n\n<div id=\"wp-block-themeisle-blocks-form-textarea-7cf5c291\" class=\"wp-block-themeisle-blocks-form-textarea\"><label for=\"wp-block-themeisle-blocks-form-textarea-7cf5c291-input\" class=\"otter-form-textarea-label\"><span class=\"otter-form-textarea-label__label\"><strong>Message<\/strong><\/span><\/label><textarea id=\"wp-block-themeisle-blocks-form-textarea-7cf5c291-input\" rows=\"10\" class=\"otter-form-textarea-input\"><\/textarea><\/div>\n\n\n\n<p class=\"has-extra-small-font-size\"><sup>Vous acceptez de recevoir des communications par courrier \u00e9lectronique de notre part en soumettant ce formulaire et comprenez que vos coordonn\u00e9es seront stock\u00e9es chez nous.<\/sup><\/p>\n<div class=\"wp-block-button\"><button class=\"wp-block-button__link\" type=\"submit\">Envoyer<\/button><\/div><\/form><\/div>\n","protected":false},"excerpt":{"rendered":"<p>L&rsquo;\u00e9tape de conception des propositions est primordiale, elle peut prendre un certain temps puisqu&rsquo;elle demande beaucoup d&rsquo;\u00e9changes entre vous et Poly-Robotics afin de vous donner un produit r\u00e9alisable. Cette \u00e9tape vous donnera une id\u00e9e du tarif et du d\u00e9lai de votre projet.<\/p>\n","protected":false},"author":1,"featured_media":0,"parent":0,"menu_order":0,"comment_status":"closed","ping_status":"closed","template":"","meta":{"neve_meta_sidebar":"default","neve_meta_container":"contained","neve_meta_enable_content_width":"","neve_meta_content_width":70,"neve_meta_title_alignment":"center","neve_meta_author_avatar":"","neve_post_elements_order":"","neve_meta_disable_header":"","neve_meta_disable_footer":"","neve_meta_disable_title":"on","_themeisle_gutenberg_block_has_review":false,"footnotes":""},"class_list":["post-877","page","type-page","status-publish","hentry"],"featured_image_src":null,"yoast_head":"<!-- This site is optimized with the Yoast SEO plugin v26.6 - https:\/\/yoast.com\/wordpress\/plugins\/seo\/ -->\n<title>Soumission - Poly-Robotics<\/title>\n<meta name=\"robots\" content=\"index, follow, max-snippet:-1, max-image-preview:large, max-video-preview:-1\" \/>\n<link rel=\"canonical\" href=\"https:\/\/poly-robotics.com\/index.php\/soumission\/\" \/>\n<meta property=\"og:locale\" content=\"fr_CA\" \/>\n<meta property=\"og:type\" content=\"article\" \/>\n<meta property=\"og:title\" content=\"Soumission - Poly-Robotics\" \/>\n<meta property=\"og:description\" content=\"L&rsquo;\u00e9tape de conception des propositions est primordiale, elle peut prendre un certain temps puisqu&rsquo;elle demande beaucoup d&rsquo;\u00e9changes entre vous et Poly-Robotics afin de vous donner un produit r\u00e9alisable. Cette \u00e9tape vous donnera une id\u00e9e du tarif et du d\u00e9lai de votre projet.\" \/>\n<meta property=\"og:url\" content=\"https:\/\/poly-robotics.com\/index.php\/soumission\/\" \/>\n<meta property=\"og:site_name\" content=\"Poly-Robotics\" \/>\n<meta property=\"article:modified_time\" content=\"2025-01-14T15:13:18+00:00\" \/>\n<meta name=\"twitter:card\" content=\"summary_large_image\" \/>\n<meta name=\"twitter:label1\" content=\"Estimation du temps de lecture\" \/>\n\t<meta name=\"twitter:data1\" content=\"1 minute\" \/>\n<script type=\"application\/ld+json\" class=\"yoast-schema-graph\">{\"@context\":\"https:\/\/schema.org\",\"@graph\":[{\"@type\":\"WebPage\",\"@id\":\"https:\/\/poly-robotics.com\/index.php\/soumission\/\",\"url\":\"https:\/\/poly-robotics.com\/index.php\/soumission\/\",\"name\":\"Soumission - Poly-Robotics\",\"isPartOf\":{\"@id\":\"https:\/\/poly-robotics.com\/#website\"},\"datePublished\":\"2024-07-11T19:33:34+00:00\",\"dateModified\":\"2025-01-14T15:13:18+00:00\",\"breadcrumb\":{\"@id\":\"https:\/\/poly-robotics.com\/index.php\/soumission\/#breadcrumb\"},\"inLanguage\":\"fr-CA\",\"potentialAction\":[{\"@type\":\"ReadAction\",\"target\":[\"https:\/\/poly-robotics.com\/index.php\/soumission\/\"]}]},{\"@type\":\"BreadcrumbList\",\"@id\":\"https:\/\/poly-robotics.com\/index.php\/soumission\/#breadcrumb\",\"itemListElement\":[{\"@type\":\"ListItem\",\"position\":1,\"name\":\"Accueil\",\"item\":\"https:\/\/poly-robotics.com\/\"},{\"@type\":\"ListItem\",\"position\":2,\"name\":\"Soumission\"}]},{\"@type\":\"WebSite\",\"@id\":\"https:\/\/poly-robotics.com\/#website\",\"url\":\"https:\/\/poly-robotics.com\/\",\"name\":\"Poly-Robotics\",\"description\":\"\",\"publisher\":{\"@id\":\"https:\/\/poly-robotics.com\/#organization\"},\"potentialAction\":[{\"@type\":\"SearchAction\",\"target\":{\"@type\":\"EntryPoint\",\"urlTemplate\":\"https:\/\/poly-robotics.com\/?s={search_term_string}\"},\"query-input\":{\"@type\":\"PropertyValueSpecification\",\"valueRequired\":true,\"valueName\":\"search_term_string\"}}],\"inLanguage\":\"fr-CA\"},{\"@type\":\"Organization\",\"@id\":\"https:\/\/poly-robotics.com\/#organization\",\"name\":\"Poly-Robotics\",\"url\":\"https:\/\/poly-robotics.com\/\",\"logo\":{\"@type\":\"ImageObject\",\"inLanguage\":\"fr-CA\",\"@id\":\"https:\/\/poly-robotics.com\/#\/schema\/logo\/image\/\",\"url\":\"https:\/\/poly-robotics.com\/wp-content\/uploads\/2023\/11\/PolyRobotic_CMYK-Blanc.png\",\"contentUrl\":\"https:\/\/poly-robotics.com\/wp-content\/uploads\/2023\/11\/PolyRobotic_CMYK-Blanc.png\",\"width\":800,\"height\":382,\"caption\":\"Poly-Robotics\"},\"image\":{\"@id\":\"https:\/\/poly-robotics.com\/#\/schema\/logo\/image\/\"}}]}<\/script>\n<!-- \/ Yoast SEO plugin. -->","yoast_head_json":{"title":"Soumission - Poly-Robotics","robots":{"index":"index","follow":"follow","max-snippet":"max-snippet:-1","max-image-preview":"max-image-preview:large","max-video-preview":"max-video-preview:-1"},"canonical":"https:\/\/poly-robotics.com\/index.php\/soumission\/","og_locale":"fr_CA","og_type":"article","og_title":"Soumission - Poly-Robotics","og_description":"L&rsquo;\u00e9tape de conception des propositions est primordiale, elle peut prendre un certain temps puisqu&rsquo;elle demande beaucoup d&rsquo;\u00e9changes entre vous et Poly-Robotics afin de vous donner un produit r\u00e9alisable. Cette \u00e9tape vous donnera une id\u00e9e du tarif et du d\u00e9lai de votre projet.","og_url":"https:\/\/poly-robotics.com\/index.php\/soumission\/","og_site_name":"Poly-Robotics","article_modified_time":"2025-01-14T15:13:18+00:00","twitter_card":"summary_large_image","twitter_misc":{"Estimation du temps de lecture":"1 minute"},"schema":{"@context":"https:\/\/schema.org","@graph":[{"@type":"WebPage","@id":"https:\/\/poly-robotics.com\/index.php\/soumission\/","url":"https:\/\/poly-robotics.com\/index.php\/soumission\/","name":"Soumission - Poly-Robotics","isPartOf":{"@id":"https:\/\/poly-robotics.com\/#website"},"datePublished":"2024-07-11T19:33:34+00:00","dateModified":"2025-01-14T15:13:18+00:00","breadcrumb":{"@id":"https:\/\/poly-robotics.com\/index.php\/soumission\/#breadcrumb"},"inLanguage":"fr-CA","potentialAction":[{"@type":"ReadAction","target":["https:\/\/poly-robotics.com\/index.php\/soumission\/"]}]},{"@type":"BreadcrumbList","@id":"https:\/\/poly-robotics.com\/index.php\/soumission\/#breadcrumb","itemListElement":[{"@type":"ListItem","position":1,"name":"Accueil","item":"https:\/\/poly-robotics.com\/"},{"@type":"ListItem","position":2,"name":"Soumission"}]},{"@type":"WebSite","@id":"https:\/\/poly-robotics.com\/#website","url":"https:\/\/poly-robotics.com\/","name":"Poly-Robotics","description":"","publisher":{"@id":"https:\/\/poly-robotics.com\/#organization"},"potentialAction":[{"@type":"SearchAction","target":{"@type":"EntryPoint","urlTemplate":"https:\/\/poly-robotics.com\/?s={search_term_string}"},"query-input":{"@type":"PropertyValueSpecification","valueRequired":true,"valueName":"search_term_string"}}],"inLanguage":"fr-CA"},{"@type":"Organization","@id":"https:\/\/poly-robotics.com\/#organization","name":"Poly-Robotics","url":"https:\/\/poly-robotics.com\/","logo":{"@type":"ImageObject","inLanguage":"fr-CA","@id":"https:\/\/poly-robotics.com\/#\/schema\/logo\/image\/","url":"https:\/\/poly-robotics.com\/wp-content\/uploads\/2023\/11\/PolyRobotic_CMYK-Blanc.png","contentUrl":"https:\/\/poly-robotics.com\/wp-content\/uploads\/2023\/11\/PolyRobotic_CMYK-Blanc.png","width":800,"height":382,"caption":"Poly-Robotics"},"image":{"@id":"https:\/\/poly-robotics.com\/#\/schema\/logo\/image\/"}}]}},"_links":{"self":[{"href":"https:\/\/poly-robotics.com\/index.php\/wp-json\/wp\/v2\/pages\/877","targetHints":{"allow":["GET"]}}],"collection":[{"href":"https:\/\/poly-robotics.com\/index.php\/wp-json\/wp\/v2\/pages"}],"about":[{"href":"https:\/\/poly-robotics.com\/index.php\/wp-json\/wp\/v2\/types\/page"}],"author":[{"embeddable":true,"href":"https:\/\/poly-robotics.com\/index.php\/wp-json\/wp\/v2\/users\/1"}],"replies":[{"embeddable":true,"href":"https:\/\/poly-robotics.com\/index.php\/wp-json\/wp\/v2\/comments?post=877"}],"version-history":[{"count":23,"href":"https:\/\/poly-robotics.com\/index.php\/wp-json\/wp\/v2\/pages\/877\/revisions"}],"predecessor-version":[{"id":1576,"href":"https:\/\/poly-robotics.com\/index.php\/wp-json\/wp\/v2\/pages\/877\/revisions\/1576"}],"wp:attachment":[{"href":"https:\/\/poly-robotics.com\/index.php\/wp-json\/wp\/v2\/media?parent=877"}],"curies":[{"name":"wp","href":"https:\/\/api.w.org\/{rel}","templated":true}]}}