{"id":849,"date":"2024-07-11T14:36:18","date_gmt":"2024-07-11T18:36:18","guid":{"rendered":"https:\/\/new.poly-robotics.com\/?page_id=849"},"modified":"2025-01-14T10:14:27","modified_gmt":"2025-01-14T15:14:27","slug":"vpr-2","status":"publish","type":"page","link":"https:\/\/poly-robotics.com\/index.php\/vpr-2\/","title":{"rendered":"VPR"},"content":{"rendered":"\n<div id=\"wp-block-themeisle-blocks-advanced-columns-71126027\" class=\"wp-block-themeisle-blocks-advanced-columns alignfull has-1-columns has-desktop-equal-layout has-tablet-equal-layout has-mobile-equal-layout has-vertical-center\"><div class=\"wp-block-themeisle-blocks-advanced-columns-overlay\"><\/div><div class=\"innerblocks-wrap\">\n<div id=\"wp-block-themeisle-blocks-advanced-column-3173e8ac\" class=\"wp-block-themeisle-blocks-advanced-column\">\n<h1 class=\"wp-block-heading has-text-align-center has-nv-text-dark-bg-color has-text-color\">vpr<\/h1>\n<\/div>\n<\/div><\/div>\n\n\n\n<div id=\"wp-block-themeisle-blocks-advanced-columns-966e2247\" class=\"wp-block-themeisle-blocks-advanced-columns alignfull has-1-columns has-desktop-equal-layout has-tablet-equal-layout has-mobile-equal-layout has-vertical-unset\"><div class=\"wp-block-themeisle-blocks-advanced-columns-overlay\"><\/div><div class=\"innerblocks-wrap\">\n<div id=\"wp-block-themeisle-blocks-advanced-column-d92441b4\" class=\"wp-block-themeisle-blocks-advanced-column\">\n<h6 id=\"wp-block-themeisle-blocks-advanced-heading-2c0253af\" class=\"wp-block-themeisle-blocks-advanced-heading wp-block-themeisle-blocks-advanced-heading-2c0253af\">qu&rsquo;est-ce qu&rsquo;un vpr?<\/h6>\n\n\n\n<h2 class=\"wp-block-heading has-text-align-center has-neve-text-color-color has-text-color\">ajoutez de la vision \u00e0 votre robot abb facilement<\/h2>\n\n\n\n<p>VPR est une suite logiciel con\u00e7ue et d\u00e9velopp\u00e9e par Poly-Robotics pour simplifier \u00e9norm\u00e9ment l&rsquo;utilisation d&rsquo;un profilom\u00e8tre laser pour d\u00e9tecter des joints.<\/p>\n\n\n\n<p>L&rsquo;id\u00e9e d&rsquo;un VPR a commenc\u00e9 comme un projet interne visant \u00e0 simplifier nos vies. Voici le probl\u00e8me que nous essayions de r\u00e9soudre : Les profilom\u00e8tres laser seraient, en th\u00e9orie, incroyablement utiles pour d\u00e9tecter la position des joints de soudure. Malheureusement, lorsque vous leur demandez une mesure, les profilom\u00e8tres standards r\u00e9pondent avec une ligne de mille points 3D. C&rsquo;est merveilleux, sauf que le robot a besoin d&rsquo;un seul point au centre du joint et non pas d&rsquo;un millier repartis sur une ligne. Ce dont nous avions donc besoin, c&rsquo;\u00e9tait d&rsquo;un logiciel capable de d\u00e9tecter le centre du joint, \u00e0 la base, c&rsquo;est ce qu&rsquo;est VPR.<\/p>\n\n\n\n<p>Aujourd&rsquo;hui, la suite VPR permet \u00e0 un programmeur de robot de cr\u00e9er des programmes pr\u00eats pour la production qui tirent pleinement parti d&rsquo;un profilom\u00e8tre laser directement dans RobotStudio\u2122.<\/p>\n<\/div>\n<\/div><\/div>\n\n\n\n<div id=\"wp-block-themeisle-blocks-advanced-columns-27c6d13c\" class=\"wp-block-themeisle-blocks-advanced-columns alignfull has-2-columns has-desktop-equal-layout has-tablet-equal-layout has-mobile-collapsedRows-layout has-vertical-unset has-dark-bg\"><div class=\"wp-block-themeisle-blocks-advanced-columns-overlay\"><\/div><div class=\"innerblocks-wrap\">\n<div id=\"wp-block-themeisle-blocks-advanced-column-00efda99\" class=\"wp-block-themeisle-blocks-advanced-column\">\n<h6 id=\"wp-block-themeisle-blocks-advanced-heading-3cd4859d\" class=\"wp-block-themeisle-blocks-advanced-heading wp-block-themeisle-blocks-advanced-heading-3cd4859d\">le addin<\/h6>\n\n\n\n<h2 class=\"wp-block-heading has-nv-text-dark-bg-color has-text-color\">programation et test 100% hors ligne<\/h2>\n\n\n\n<p class=\"has-nv-text-dark-bg-color has-text-color\">Le VPR addin simule compl\u00e8tement le profilom\u00e8tre laser \u00e0 l&rsquo;int\u00e9rieur du RobotStudio\u2122. Cela permet aux utilisateurs de cr\u00e9er le programme et de le tester, tout cela dans le simulateur.<\/p>\n<\/div>\n\n\n\n<div id=\"wp-block-themeisle-blocks-advanced-column-a7440713\" class=\"wp-block-themeisle-blocks-advanced-column\"><div class=\"wp-block-image animated fadeInUp slow\">\n<figure class=\"aligncenter size-large is-resized\"><img loading=\"lazy\" decoding=\"async\" width=\"1024\" height=\"520\" src=\"https:\/\/poly-robotics.com\/wp-content\/uploads\/2023\/11\/Capture1-1-1024x520.jpg\" alt=\"\" class=\"wp-image-714\" style=\"width:636px;height:auto\" srcset=\"https:\/\/poly-robotics.com\/wp-content\/uploads\/2023\/11\/Capture1-1-1024x520.jpg 1024w, https:\/\/poly-robotics.com\/wp-content\/uploads\/2023\/11\/Capture1-1-300x152.jpg 300w, https:\/\/poly-robotics.com\/wp-content\/uploads\/2023\/11\/Capture1-1-768x390.jpg 768w, https:\/\/poly-robotics.com\/wp-content\/uploads\/2023\/11\/Capture1-1-1536x781.jpg 1536w, https:\/\/poly-robotics.com\/wp-content\/uploads\/2023\/11\/Capture1-1-2048x1041.jpg 2048w\" sizes=\"auto, (max-width: 1024px) 100vw, 1024px\" \/><\/figure>\n<\/div><\/div>\n<\/div><\/div>\n\n\n\n<div id=\"wp-block-themeisle-blocks-advanced-columns-a38162ab\" class=\"wp-block-themeisle-blocks-advanced-columns alignfull has-2-columns has-desktop-equal-layout has-tablet-equal-layout has-mobile-collapsedRows-layout has-vertical-unset has-light-bg\"><div class=\"wp-block-themeisle-blocks-advanced-columns-overlay\"><\/div><div class=\"innerblocks-wrap\">\n<div id=\"wp-block-themeisle-blocks-advanced-column-7609c8cd\" class=\"wp-block-themeisle-blocks-advanced-column\"><div class=\"wp-block-image animated fadeInUp slow\">\n<figure class=\"aligncenter size-full is-resized\"><img loading=\"lazy\" decoding=\"async\" width=\"1000\" height=\"1000\" src=\"https:\/\/poly-robotics.com\/wp-content\/uploads\/2023\/11\/VisionResult.jpg\" alt=\"\" class=\"wp-image-720\" style=\"width:432px;height:auto\" srcset=\"https:\/\/poly-robotics.com\/wp-content\/uploads\/2023\/11\/VisionResult.jpg 1000w, https:\/\/poly-robotics.com\/wp-content\/uploads\/2023\/11\/VisionResult-300x300.jpg 300w, https:\/\/poly-robotics.com\/wp-content\/uploads\/2023\/11\/VisionResult-150x150.jpg 150w, https:\/\/poly-robotics.com\/wp-content\/uploads\/2023\/11\/VisionResult-768x768.jpg 768w\" sizes=\"auto, (max-width: 1000px) 100vw, 1000px\" \/><\/figure>\n<\/div><\/div>\n\n\n\n<div id=\"wp-block-themeisle-blocks-advanced-column-58e62b35\" class=\"wp-block-themeisle-blocks-advanced-column\">\n<h6 id=\"wp-block-themeisle-blocks-advanced-heading-92356bfb\" class=\"wp-block-themeisle-blocks-advanced-heading wp-block-themeisle-blocks-advanced-heading-92356bfb\">le HMI<\/h6>\n\n\n\n<h2 class=\"wp-block-heading\">traiter les images : un travail difficle<\/h2>\n\n\n\n<p>Pour fonctionner en production, un ordinateur qui roule VPR doit \u00eatre connect\u00e9 au robot pour calculer le point au centre du joint.<\/p>\n\n\n\n<p>Poly-Robotics fournit le logiciel HMI de base avec VPR. Nous fournissons \u00e9galement les biblioth\u00e8ques n\u00e9cesaires pour b\u00e2tir ou int\u00e9grer VPR \u00e0 votre propre HMI .NET.<\/p>\n<\/div>\n<\/div><\/div>\n\n\n\n<div id=\"wp-block-themeisle-blocks-advanced-columns-cc10b11b\" class=\"wp-block-themeisle-blocks-advanced-columns alignfull has-2-columns has-desktop-equal-layout has-tablet-equal-layout has-mobile-collapsedRows-layout has-vertical-unset has-dark-bg\"><div class=\"wp-block-themeisle-blocks-advanced-columns-overlay\"><\/div><div class=\"innerblocks-wrap\">\n<div id=\"wp-block-themeisle-blocks-advanced-column-4682d9e6\" class=\"wp-block-themeisle-blocks-advanced-column\">\n<h6 id=\"wp-block-themeisle-blocks-advanced-heading-8bc8d324\" class=\"wp-block-themeisle-blocks-advanced-heading wp-block-themeisle-blocks-advanced-heading-8bc8d324\">LE MAT\u00c9RIEL<\/h6>\n\n\n\n<h2 class=\"wp-block-heading has-nv-text-dark-bg-color has-text-color\">UTILISER DES SOLUTIONS EXISTANTES LORSQU&rsquo;ELLES SONT DISPONIBLES<\/h2>\n\n\n\n<p class=\"has-nv-text-dark-bg-color has-text-color\">VPR est compatible avec la gamme de produit <a href=\"https:\/\/www.baumer.com\/ca\/en\/product-overview\/smart-vision\/profile-sensors\/oxp\/c\/41519\/products\">Baumer&rsquo;s OXP200<\/a>.<\/p>\n\n\n\n<p>Pour atteindre la meilleure pr\u00e9cision avec VPR, le profilom\u00e8tre a besoin d&rsquo;une calibration additionelle fournit par Poly-Robotics. Pour une utilisation dans une application de soudure, le profilom\u00e8tre a besoin d&rsquo;\u00eatre prot\u00e9g\u00e9 des \u00e9claboussures du bain de fusion. Pour ces raisons, nous incluons un profilom\u00e8tre et un bo\u00eetier de protection motoris\u00e9 lors de la vente d&rsquo;un kit VPR.<\/p>\n<\/div>\n\n\n\n<div id=\"wp-block-themeisle-blocks-advanced-column-f3db842a\" class=\"wp-block-themeisle-blocks-advanced-column\"><div class=\"wp-block-image animated fadeInUp slow\">\n<figure class=\"aligncenter size-large is-resized\"><img loading=\"lazy\" decoding=\"async\" width=\"1024\" height=\"768\" src=\"https:\/\/poly-robotics.com\/wp-content\/uploads\/2023\/11\/mamfile-1647453-720Wx540H-retina-1024x768.webp\" alt=\"\" class=\"wp-image-721\" style=\"width:319px;height:auto\" srcset=\"https:\/\/poly-robotics.com\/wp-content\/uploads\/2023\/11\/mamfile-1647453-720Wx540H-retina-1024x768.webp 1024w, https:\/\/poly-robotics.com\/wp-content\/uploads\/2023\/11\/mamfile-1647453-720Wx540H-retina-300x225.webp 300w, https:\/\/poly-robotics.com\/wp-content\/uploads\/2023\/11\/mamfile-1647453-720Wx540H-retina-768x576.webp 768w, https:\/\/poly-robotics.com\/wp-content\/uploads\/2023\/11\/mamfile-1647453-720Wx540H-retina.webp 1440w\" sizes=\"auto, (max-width: 1024px) 100vw, 1024px\" \/><\/figure>\n<\/div>\n\n<div class=\"wp-block-image\">\n<figure class=\"aligncenter size-large is-resized\"><img loading=\"lazy\" decoding=\"async\" width=\"1024\" height=\"768\" src=\"https:\/\/poly-robotics.com\/wp-content\/uploads\/2023\/11\/IMG_20221216_111715-1024x768.jpg\" alt=\"\" class=\"wp-image-508\" style=\"width:261px;height:auto\" srcset=\"https:\/\/poly-robotics.com\/wp-content\/uploads\/2023\/11\/IMG_20221216_111715-1024x768.jpg 1024w, https:\/\/poly-robotics.com\/wp-content\/uploads\/2023\/11\/IMG_20221216_111715-300x225.jpg 300w, https:\/\/poly-robotics.com\/wp-content\/uploads\/2023\/11\/IMG_20221216_111715-768x576.jpg 768w, https:\/\/poly-robotics.com\/wp-content\/uploads\/2023\/11\/IMG_20221216_111715-1536x1152.jpg 1536w, https:\/\/poly-robotics.com\/wp-content\/uploads\/2023\/11\/IMG_20221216_111715-2048x1536.jpg 2048w\" sizes=\"auto, (max-width: 1024px) 100vw, 1024px\" \/><\/figure>\n<\/div><\/div>\n<\/div><\/div>\n\n\n\n<div id=\"wp-block-themeisle-blocks-advanced-columns-608df38c\" class=\"wp-block-themeisle-blocks-advanced-columns alignfull has-2-columns has-desktop-equal-layout has-tablet-equal-layout has-mobile-collapsedRows-layout has-vertical-unset has-light-bg\"><div class=\"wp-block-themeisle-blocks-advanced-columns-overlay\"><\/div><div class=\"innerblocks-wrap\">\n<div id=\"wp-block-themeisle-blocks-advanced-column-42a1094a\" class=\"wp-block-themeisle-blocks-advanced-column\">\n<h6 id=\"wp-block-themeisle-blocks-advanced-heading-9a84a3a0\" class=\"wp-block-themeisle-blocks-advanced-heading wp-block-themeisle-blocks-advanced-heading-9a84a3a0\">LE <strong>\u00ab<\/strong>workflow<strong>\u00bb<\/strong><\/h6>\n\n\n\n<h3 id=\"wp-block-themeisle-blocks-advanced-heading-f2e0d2dd\" class=\"wp-block-themeisle-blocks-advanced-heading wp-block-themeisle-blocks-advanced-heading-f2e0d2dd\">B\u00c2TIR LE programME<\/h3>\n\n\n\n<figure class=\"wp-block-embed is-type-video is-provider-youtube wp-block-embed-youtube wp-embed-aspect-16-9 wp-has-aspect-ratio\"><div class=\"wp-block-embed__wrapper\">\n<div class=\"nv-iframe-embed\"><iframe loading=\"lazy\" title=\"Addin Demo\" width=\"1200\" height=\"675\" src=\"https:\/\/www.youtube.com\/embed\/njnUADDLytU?feature=oembed\" frameborder=\"0\" allow=\"accelerometer; autoplay; clipboard-write; encrypted-media; gyroscope; picture-in-picture; web-share\" referrerpolicy=\"strict-origin-when-cross-origin\" allowfullscreen><\/iframe><\/div>\n<\/div><\/figure>\n<\/div>\n\n\n\n<div id=\"wp-block-themeisle-blocks-advanced-column-acae35f3\" class=\"wp-block-themeisle-blocks-advanced-column\">\n<div style=\"height:37px\" aria-hidden=\"true\" class=\"wp-block-spacer\"><\/div>\n\n\n\n<h3 class=\"wp-block-heading\">EX\u00c9CUTER LE programME<\/h3>\n\n\n\n<figure class=\"wp-block-embed is-type-video is-provider-youtube wp-block-embed-youtube wp-embed-aspect-16-9 wp-has-aspect-ratio\"><div class=\"wp-block-embed__wrapper\">\n<div class=\"nv-iframe-embed\"><iframe loading=\"lazy\" title=\"VPR demo1\" width=\"1200\" height=\"675\" src=\"https:\/\/www.youtube.com\/embed\/ZJ63Wacvy-Q?feature=oembed\" frameborder=\"0\" allow=\"accelerometer; autoplay; clipboard-write; encrypted-media; gyroscope; picture-in-picture; web-share\" referrerpolicy=\"strict-origin-when-cross-origin\" allowfullscreen><\/iframe><\/div>\n<\/div><\/figure>\n<\/div>\n<\/div><\/div>\n\n\n\n<div id=\"wp-block-themeisle-blocks-advanced-columns-bd78b2d2\" class=\"wp-block-themeisle-blocks-advanced-columns alignfull has-2-columns has-desktop-equal-layout has-tablet-equal-layout has-mobile-collapsedRows-layout has-vertical-unset ticss-ce69d1c2 has-dark-bg\"><div class=\"wp-block-themeisle-blocks-advanced-columns-overlay\"><\/div><div class=\"innerblocks-wrap\">\n<div id=\"wp-block-themeisle-blocks-advanced-column-e315fc07\" class=\"wp-block-themeisle-blocks-advanced-column\">\n<h6 id=\"wp-block-themeisle-blocks-advanced-heading-cb387a5e\" class=\"wp-block-themeisle-blocks-advanced-heading wp-block-themeisle-blocks-advanced-heading-cb387a5e\">Contactez-nous<\/h6>\n\n\n\n<h3 id=\"wp-block-themeisle-blocks-advanced-heading-f44bcbdc\" class=\"wp-block-themeisle-blocks-advanced-heading wp-block-themeisle-blocks-advanced-heading-f44bcbdc\">questions, informations ou pr\u00e9cisions, \u00e9crivez-nous<\/h3>\n\n\n\n<h4 id=\"wp-block-themeisle-blocks-advanced-heading-6eb36fea\" class=\"wp-block-themeisle-blocks-advanced-heading wp-block-themeisle-blocks-advanced-heading-6eb36fea\">n&rsquo;h\u00e9sitez pas \u00e0 entrer en contact, il nous fera plaisir de vous r\u00e9pondre<\/h4>\n\n\n\n<div style=\"height:10px\" aria-hidden=\"true\" class=\"wp-block-spacer\"><\/div>\n\n\n\n<div class=\"wp-block-group\"><div class=\"wp-block-group__inner-container is-layout-constrained wp-block-group-is-layout-constrained\">\n<p><strong>T\u00e9l\u00e9phone : 418-658-7659<\/strong><\/p>\n<\/div><\/div>\n\n\n\n<p><strong>T\u00e9l\u00e9phone sans frais : 1-844-558-7659<\/strong><\/p>\n\n\n\n<p><strong>Heures d&rsquo;ouverture :<\/strong> Lundi au vendredi 9h \u00e0 17h<\/p>\n\n\n\n<p><strong>Adresse :<\/strong> 2889 Avenue Kepler, Qu\u00e9bec<\/p>\n<\/div>\n\n\n\n<div id=\"wp-block-themeisle-blocks-advanced-column-82cd60cb\" class=\"wp-block-themeisle-blocks-advanced-column\">\n<div id=\"wp-block-themeisle-blocks-form-744b41f1\" class=\"wp-block-themeisle-blocks-form\" data-option-name=\"bf9b28ff82ce323187abc5d0feb0d8f07ecd8436_744b41f1\"><form class=\"otter-form__container\">\n<div id=\"wp-block-themeisle-blocks-form-input-eae159d0\" class=\"wp-block-themeisle-blocks-form-input\"><label for=\"wp-block-themeisle-blocks-form-input-eae159d0-input\" class=\"otter-form-input-label\"><span class=\"otter-form-input-label__label\"><strong>Nom<\/strong><\/span><span class=\"required\">*<\/span><\/label><input type=\"text\" id=\"wp-block-themeisle-blocks-form-input-eae159d0-input\" required class=\"otter-form-input\"\/><\/div>\n\n\n\n<div id=\"wp-block-themeisle-blocks-form-input-ae069df5\" class=\"wp-block-themeisle-blocks-form-input\"><label for=\"wp-block-themeisle-blocks-form-input-ae069df5-input\" class=\"otter-form-input-label\"><span class=\"otter-form-input-label__label\"><strong>Email<\/strong><\/span><span class=\"required\">*<\/span><\/label><input type=\"email\" id=\"wp-block-themeisle-blocks-form-input-ae069df5-input\" required class=\"otter-form-input\"\/><\/div>\n\n\n<div class=\"protection\" aria-hidden=\"true\"><input type=\"hidden\" id=\"wp-block-themeisle-blocks-form-744b41f1_nonce_field\" name=\"wp-block-themeisle-blocks-form-744b41f1_nonce_field\" value=\"161d8ea109\" \/><input type=\"hidden\" name=\"_wp_http_referer\" value=\"\/index.php\/wp-json\/wp\/v2\/pages\/849\" \/><input class=\"o-anti-bot\" type=\"checkbox\"><\/div>\n\n\n<div id=\"wp-block-themeisle-blocks-form-textarea-52101201\" class=\"wp-block-themeisle-blocks-form-textarea\"><label for=\"wp-block-themeisle-blocks-form-textarea-52101201-input\" class=\"otter-form-textarea-label\"><span class=\"otter-form-textarea-label__label\"><strong>Message<\/strong><\/span><span class=\"required\">*<\/span><\/label><textarea id=\"wp-block-themeisle-blocks-form-textarea-52101201-input\" required rows=\"10\" class=\"otter-form-textarea-input\"><\/textarea><\/div>\n\n\n\n<p class=\"has-extra-small-font-size\"><sup>En soumettant ce formulaire, vous acceptez que vos coordonn\u00e9es soient stock\u00e9es chez nous.<\/sup><\/p>\n<div class=\"wp-block-button\"><button class=\"wp-block-button__link\" type=\"submit\">Envoyer<\/button><\/div><\/form><\/div>\n<\/div>\n<\/div><\/div>\n","protected":false},"excerpt":{"rendered":"","protected":false},"author":1,"featured_media":0,"parent":0,"menu_order":0,"comment_status":"closed","ping_status":"closed","template":"","meta":{"neve_meta_sidebar":"","neve_meta_container":"","neve_meta_enable_content_width":"","neve_meta_content_width":0,"neve_meta_title_alignment":"","neve_meta_author_avatar":"","neve_post_elements_order":"","neve_meta_disable_header":"","neve_meta_disable_footer":"","neve_meta_disable_title":"on","_themeisle_gutenberg_block_has_review":false,"footnotes":""},"class_list":["post-849","page","type-page","status-publish","hentry"],"featured_image_src":null,"yoast_head":"<!-- This site is optimized with the Yoast SEO plugin v26.6 - https:\/\/yoast.com\/wordpress\/plugins\/seo\/ -->\n<title>VPR - Poly-Robotics<\/title>\n<meta name=\"robots\" content=\"index, follow, max-snippet:-1, max-image-preview:large, max-video-preview:-1\" \/>\n<link rel=\"canonical\" href=\"https:\/\/poly-robotics.com\/index.php\/vpr-2\/\" \/>\n<meta property=\"og:locale\" content=\"fr_CA\" \/>\n<meta property=\"og:type\" content=\"article\" \/>\n<meta property=\"og:title\" content=\"VPR - Poly-Robotics\" \/>\n<meta property=\"og:url\" content=\"https:\/\/poly-robotics.com\/index.php\/vpr-2\/\" \/>\n<meta property=\"og:site_name\" content=\"Poly-Robotics\" \/>\n<meta property=\"article:modified_time\" content=\"2025-01-14T15:14:27+00:00\" \/>\n<meta property=\"og:image\" content=\"https:\/\/poly-robotics.com\/wp-content\/uploads\/2023\/11\/Capture1-1-scaled.jpg\" \/>\n\t<meta property=\"og:image:width\" content=\"2560\" \/>\n\t<meta property=\"og:image:height\" content=\"1301\" \/>\n\t<meta property=\"og:image:type\" content=\"image\/jpeg\" \/>\n<meta name=\"twitter:card\" content=\"summary_large_image\" \/>\n<meta name=\"twitter:label1\" content=\"Estimation du temps de lecture\" \/>\n\t<meta name=\"twitter:data1\" content=\"3 minutes\" \/>\n<script type=\"application\/ld+json\" class=\"yoast-schema-graph\">{\"@context\":\"https:\/\/schema.org\",\"@graph\":[{\"@type\":\"WebPage\",\"@id\":\"https:\/\/poly-robotics.com\/index.php\/vpr-2\/\",\"url\":\"https:\/\/poly-robotics.com\/index.php\/vpr-2\/\",\"name\":\"VPR - Poly-Robotics\",\"isPartOf\":{\"@id\":\"https:\/\/poly-robotics.com\/#website\"},\"primaryImageOfPage\":{\"@id\":\"https:\/\/poly-robotics.com\/index.php\/vpr-2\/#primaryimage\"},\"image\":{\"@id\":\"https:\/\/poly-robotics.com\/index.php\/vpr-2\/#primaryimage\"},\"thumbnailUrl\":\"https:\/\/poly-robotics.com\/wp-content\/uploads\/2023\/11\/Capture1-1-1024x520.jpg\",\"datePublished\":\"2024-07-11T18:36:18+00:00\",\"dateModified\":\"2025-01-14T15:14:27+00:00\",\"breadcrumb\":{\"@id\":\"https:\/\/poly-robotics.com\/index.php\/vpr-2\/#breadcrumb\"},\"inLanguage\":\"fr-CA\",\"potentialAction\":[{\"@type\":\"ReadAction\",\"target\":[\"https:\/\/poly-robotics.com\/index.php\/vpr-2\/\"]}]},{\"@type\":\"ImageObject\",\"inLanguage\":\"fr-CA\",\"@id\":\"https:\/\/poly-robotics.com\/index.php\/vpr-2\/#primaryimage\",\"url\":\"https:\/\/poly-robotics.com\/wp-content\/uploads\/2023\/11\/Capture1-1-scaled.jpg\",\"contentUrl\":\"https:\/\/poly-robotics.com\/wp-content\/uploads\/2023\/11\/Capture1-1-scaled.jpg\",\"width\":2560,\"height\":1301},{\"@type\":\"BreadcrumbList\",\"@id\":\"https:\/\/poly-robotics.com\/index.php\/vpr-2\/#breadcrumb\",\"itemListElement\":[{\"@type\":\"ListItem\",\"position\":1,\"name\":\"Accueil\",\"item\":\"https:\/\/poly-robotics.com\/\"},{\"@type\":\"ListItem\",\"position\":2,\"name\":\"VPR\"}]},{\"@type\":\"WebSite\",\"@id\":\"https:\/\/poly-robotics.com\/#website\",\"url\":\"https:\/\/poly-robotics.com\/\",\"name\":\"Poly-Robotics\",\"description\":\"\",\"publisher\":{\"@id\":\"https:\/\/poly-robotics.com\/#organization\"},\"potentialAction\":[{\"@type\":\"SearchAction\",\"target\":{\"@type\":\"EntryPoint\",\"urlTemplate\":\"https:\/\/poly-robotics.com\/?s={search_term_string}\"},\"query-input\":{\"@type\":\"PropertyValueSpecification\",\"valueRequired\":true,\"valueName\":\"search_term_string\"}}],\"inLanguage\":\"fr-CA\"},{\"@type\":\"Organization\",\"@id\":\"https:\/\/poly-robotics.com\/#organization\",\"name\":\"Poly-Robotics\",\"url\":\"https:\/\/poly-robotics.com\/\",\"logo\":{\"@type\":\"ImageObject\",\"inLanguage\":\"fr-CA\",\"@id\":\"https:\/\/poly-robotics.com\/#\/schema\/logo\/image\/\",\"url\":\"https:\/\/poly-robotics.com\/wp-content\/uploads\/2023\/11\/PolyRobotic_CMYK-Blanc.png\",\"contentUrl\":\"https:\/\/poly-robotics.com\/wp-content\/uploads\/2023\/11\/PolyRobotic_CMYK-Blanc.png\",\"width\":800,\"height\":382,\"caption\":\"Poly-Robotics\"},\"image\":{\"@id\":\"https:\/\/poly-robotics.com\/#\/schema\/logo\/image\/\"}}]}<\/script>\n<!-- \/ Yoast SEO plugin. -->","yoast_head_json":{"title":"VPR - Poly-Robotics","robots":{"index":"index","follow":"follow","max-snippet":"max-snippet:-1","max-image-preview":"max-image-preview:large","max-video-preview":"max-video-preview:-1"},"canonical":"https:\/\/poly-robotics.com\/index.php\/vpr-2\/","og_locale":"fr_CA","og_type":"article","og_title":"VPR - Poly-Robotics","og_url":"https:\/\/poly-robotics.com\/index.php\/vpr-2\/","og_site_name":"Poly-Robotics","article_modified_time":"2025-01-14T15:14:27+00:00","og_image":[{"width":2560,"height":1301,"url":"https:\/\/poly-robotics.com\/wp-content\/uploads\/2023\/11\/Capture1-1-scaled.jpg","type":"image\/jpeg"}],"twitter_card":"summary_large_image","twitter_misc":{"Estimation du temps de lecture":"3 minutes"},"schema":{"@context":"https:\/\/schema.org","@graph":[{"@type":"WebPage","@id":"https:\/\/poly-robotics.com\/index.php\/vpr-2\/","url":"https:\/\/poly-robotics.com\/index.php\/vpr-2\/","name":"VPR - Poly-Robotics","isPartOf":{"@id":"https:\/\/poly-robotics.com\/#website"},"primaryImageOfPage":{"@id":"https:\/\/poly-robotics.com\/index.php\/vpr-2\/#primaryimage"},"image":{"@id":"https:\/\/poly-robotics.com\/index.php\/vpr-2\/#primaryimage"},"thumbnailUrl":"https:\/\/poly-robotics.com\/wp-content\/uploads\/2023\/11\/Capture1-1-1024x520.jpg","datePublished":"2024-07-11T18:36:18+00:00","dateModified":"2025-01-14T15:14:27+00:00","breadcrumb":{"@id":"https:\/\/poly-robotics.com\/index.php\/vpr-2\/#breadcrumb"},"inLanguage":"fr-CA","potentialAction":[{"@type":"ReadAction","target":["https:\/\/poly-robotics.com\/index.php\/vpr-2\/"]}]},{"@type":"ImageObject","inLanguage":"fr-CA","@id":"https:\/\/poly-robotics.com\/index.php\/vpr-2\/#primaryimage","url":"https:\/\/poly-robotics.com\/wp-content\/uploads\/2023\/11\/Capture1-1-scaled.jpg","contentUrl":"https:\/\/poly-robotics.com\/wp-content\/uploads\/2023\/11\/Capture1-1-scaled.jpg","width":2560,"height":1301},{"@type":"BreadcrumbList","@id":"https:\/\/poly-robotics.com\/index.php\/vpr-2\/#breadcrumb","itemListElement":[{"@type":"ListItem","position":1,"name":"Accueil","item":"https:\/\/poly-robotics.com\/"},{"@type":"ListItem","position":2,"name":"VPR"}]},{"@type":"WebSite","@id":"https:\/\/poly-robotics.com\/#website","url":"https:\/\/poly-robotics.com\/","name":"Poly-Robotics","description":"","publisher":{"@id":"https:\/\/poly-robotics.com\/#organization"},"potentialAction":[{"@type":"SearchAction","target":{"@type":"EntryPoint","urlTemplate":"https:\/\/poly-robotics.com\/?s={search_term_string}"},"query-input":{"@type":"PropertyValueSpecification","valueRequired":true,"valueName":"search_term_string"}}],"inLanguage":"fr-CA"},{"@type":"Organization","@id":"https:\/\/poly-robotics.com\/#organization","name":"Poly-Robotics","url":"https:\/\/poly-robotics.com\/","logo":{"@type":"ImageObject","inLanguage":"fr-CA","@id":"https:\/\/poly-robotics.com\/#\/schema\/logo\/image\/","url":"https:\/\/poly-robotics.com\/wp-content\/uploads\/2023\/11\/PolyRobotic_CMYK-Blanc.png","contentUrl":"https:\/\/poly-robotics.com\/wp-content\/uploads\/2023\/11\/PolyRobotic_CMYK-Blanc.png","width":800,"height":382,"caption":"Poly-Robotics"},"image":{"@id":"https:\/\/poly-robotics.com\/#\/schema\/logo\/image\/"}}]}},"_links":{"self":[{"href":"https:\/\/poly-robotics.com\/index.php\/wp-json\/wp\/v2\/pages\/849","targetHints":{"allow":["GET"]}}],"collection":[{"href":"https:\/\/poly-robotics.com\/index.php\/wp-json\/wp\/v2\/pages"}],"about":[{"href":"https:\/\/poly-robotics.com\/index.php\/wp-json\/wp\/v2\/types\/page"}],"author":[{"embeddable":true,"href":"https:\/\/poly-robotics.com\/index.php\/wp-json\/wp\/v2\/users\/1"}],"replies":[{"embeddable":true,"href":"https:\/\/poly-robotics.com\/index.php\/wp-json\/wp\/v2\/comments?post=849"}],"version-history":[{"count":16,"href":"https:\/\/poly-robotics.com\/index.php\/wp-json\/wp\/v2\/pages\/849\/revisions"}],"predecessor-version":[{"id":1580,"href":"https:\/\/poly-robotics.com\/index.php\/wp-json\/wp\/v2\/pages\/849\/revisions\/1580"}],"wp:attachment":[{"href":"https:\/\/poly-robotics.com\/index.php\/wp-json\/wp\/v2\/media?parent=849"}],"curies":[{"name":"wp","href":"https:\/\/api.w.org\/{rel}","templated":true}]}}