{"id":445,"date":"2023-11-10T11:21:10","date_gmt":"2023-11-10T16:21:10","guid":{"rendered":"https:\/\/new.poly-robotics.com\/?page_id=445"},"modified":"2025-08-14T09:55:27","modified_gmt":"2025-08-14T13:55:27","slug":"accueil","status":"publish","type":"page","link":"https:\/\/poly-robotics.com\/","title":{"rendered":"Accueil"},"content":{"rendered":"\n\n\n<div class=\"wp-block-cover\" style=\"padding-right:0;padding-left:0;min-height:919px;aspect-ratio:unset;\"><video class=\"wp-block-cover__video-background intrinsic-ignore\" autoplay muted loop playsinline src=\"https:\/\/poly-robotics.com\/wp-content\/uploads\/2024\/07\/VID_20240503_130156-1.mp4\" style=\"object-position:52% 39%\" data-object-fit=\"cover\" data-object-position=\"52% 39%\"><\/video><span aria-hidden=\"true\" class=\"wp-block-cover__background has-background-dim-70 has-background-dim wp-block-cover__gradient-background has-background-gradient\" style=\"background:linear-gradient(90deg,rgb(18,38,47) 0%,rgba(0,0,0,0.99) 100%)\"><\/span><div class=\"wp-block-cover__inner-container is-layout-constrained wp-container-core-cover-is-layout-a7c31ef8 wp-block-cover-is-layout-constrained\">\n<h1 id=\"wp-block-themeisle-blocks-advanced-heading-d73ea37a\" class=\"wp-block-themeisle-blocks-advanced-heading wp-block-themeisle-blocks-advanced-heading-d73ea37a\">INT\u00c9GRATEUR EN ROBOTIQUE INDUSTRIEL<\/h1>\n\n\n\n<p class=\"has-text-align-center has-nv-light-bg-color has-text-color has-link-color has-large-font-size wp-elements-43d441de5d40e32126a625206c0f7a9a\">Conception, fabrication et programmation de cellules sur mesure et cl\u00e9 en main<\/p>\n\n\n\n<p class=\"has-text-align-center has-nv-site-bg-color has-text-color has-link-color has-x-large-font-size wp-elements-4abf088b1d007036f40a6706f109233f\"><strong>10 ANS D&rsquo;EXP\u00c9RIENCE EN SOUDURE<\/strong><\/p>\n<\/div><\/div>\n\n\n\n<div id=\"wp-block-themeisle-blocks-advanced-columns-6700b900\" class=\"wp-block-themeisle-blocks-advanced-columns has-3-columns has-desktop-equal-layout has-tablet-equal-layout has-mobile-collapsedRows-layout has-vertical-unset has-light-bg\"><div class=\"wp-block-themeisle-blocks-advanced-columns-overlay\"><\/div><div class=\"innerblocks-wrap\">\n<div id=\"wp-block-themeisle-blocks-advanced-column-1dbdd568\" class=\"wp-block-themeisle-blocks-advanced-column\"><div class=\"wp-block-themeisle-blocks-advanced-column-overlay\"><\/div>\n<div style=\"height:200px\" aria-hidden=\"true\" class=\"wp-block-spacer\"><\/div>\n\n\n\n<h2 id=\"wp-block-themeisle-blocks-advanced-heading-9b92d13a\" class=\"wp-block-themeisle-blocks-advanced-heading wp-block-themeisle-blocks-advanced-heading-9b92d13a\">CelluleS sur mesure<\/h2>\n\n\n\n<h4 id=\"wp-block-themeisle-blocks-advanced-heading-cea0cd34\" class=\"wp-block-themeisle-blocks-advanced-heading wp-block-themeisle-blocks-advanced-heading-cea0cd34\">pr\u00eat \u00e0 relever votre d\u00e9fi<\/h4>\n\n\n\n<div style=\"height:50px\" aria-hidden=\"true\" class=\"wp-block-spacer\"><\/div>\n\n\n\n<div class=\"wp-block-buttons is-horizontal is-content-justification-center is-layout-flex wp-container-core-buttons-is-layout-1891d752 wp-block-buttons-is-layout-flex\">\n<div class=\"wp-block-button is-style-secondary\"><a class=\"wp-block-button__link wp-element-button\" href=\"https:\/\/poly-robotics.com\/index.php\/cellules-robot-sur-mesure\/\">En savoir plus<\/a><\/div>\n<\/div>\n\n\n\n<div style=\"height:200px\" aria-hidden=\"true\" class=\"wp-block-spacer\"><\/div>\n<\/div>\n\n\n\n<div id=\"wp-block-themeisle-blocks-advanced-column-92b26186\" class=\"wp-block-themeisle-blocks-advanced-column\"><div class=\"wp-block-themeisle-blocks-advanced-column-overlay\"><\/div>\n<div style=\"height:200px\" aria-hidden=\"true\" class=\"wp-block-spacer\"><\/div>\n\n\n\n<h2 id=\"wp-block-themeisle-blocks-advanced-heading-b77ee58f\" class=\"wp-block-themeisle-blocks-advanced-heading wp-block-themeisle-blocks-advanced-heading-b77ee58f\">D\u00c9ROULEMENT D&rsquo;UN PROJET<\/h2>\n\n\n\n<h4 id=\"wp-block-themeisle-blocks-advanced-heading-bf420624\" class=\"wp-block-themeisle-blocks-advanced-heading wp-block-themeisle-blocks-advanced-heading-bf420624\">d&rsquo;UNE ID\u00c9E \u00c0 LA LIVRAISON<\/h4>\n\n\n\n<div style=\"height:50px\" aria-hidden=\"true\" class=\"wp-block-spacer\"><\/div>\n\n\n\n<div class=\"wp-block-buttons is-horizontal is-content-justification-center is-layout-flex wp-container-core-buttons-is-layout-1891d752 wp-block-buttons-is-layout-flex\">\n<div class=\"wp-block-button is-style-secondary\"><a class=\"wp-block-button__link wp-element-button\" href=\"https:\/\/poly-robotics.com\/index.php\/projet\/\">En savoir plus<\/a><\/div>\n<\/div>\n\n\n\n<div style=\"height:100px\" aria-hidden=\"true\" class=\"wp-block-spacer\"><\/div>\n<\/div>\n\n\n\n<div id=\"wp-block-themeisle-blocks-advanced-column-b83810e7\" class=\"wp-block-themeisle-blocks-advanced-column\"><div class=\"wp-block-themeisle-blocks-advanced-column-overlay\"><\/div>\n<div style=\"height:200px\" aria-hidden=\"true\" class=\"wp-block-spacer\"><\/div>\n\n\n\n<h2 id=\"wp-block-themeisle-blocks-advanced-heading-7856281a\" class=\"wp-block-themeisle-blocks-advanced-heading wp-block-themeisle-blocks-advanced-heading-7856281a\">SP\u00c9CIALIS\u00c9 EN SOUDURE<\/h2>\n\n\n\n<h4 id=\"wp-block-themeisle-blocks-advanced-heading-a7a902ff\" class=\"wp-block-themeisle-blocks-advanced-heading wp-block-themeisle-blocks-advanced-heading-a7a902ff\">pour de la qualit\u00e9 sur laquelle vous pouvez d\u00e9pendre<\/h4>\n\n\n\n<div style=\"height:50px\" aria-hidden=\"true\" class=\"wp-block-spacer\"><\/div>\n\n\n\n<div class=\"wp-block-buttons is-horizontal is-content-justification-center is-layout-flex wp-container-core-buttons-is-layout-1891d752 wp-block-buttons-is-layout-flex\">\n<div class=\"wp-block-button is-style-secondary\"><a class=\"wp-block-button__link wp-element-button\" href=\"https:\/\/poly-robotics.com\/index.php\/soudure\/\">En savoir plus<\/a><\/div>\n<\/div>\n\n\n\n<div style=\"height:100px\" aria-hidden=\"true\" class=\"wp-block-spacer\"><\/div>\n<\/div>\n<\/div><\/div>\n\n\n\n<section id=\"wp-block-themeisle-blocks-advanced-columns-dab9e0bf\" class=\"wp-block-themeisle-blocks-advanced-columns alignfull has-1-columns has-desktop-equal-layout has-tablet-equal-layout has-mobile-equal-layout has-vertical-flex-start has-dark-bg\"><div class=\"wp-block-themeisle-blocks-advanced-columns-overlay\"><\/div><div class=\"innerblocks-wrap\">\n<div id=\"wp-block-themeisle-blocks-advanced-column-9df22226\" class=\"wp-block-themeisle-blocks-advanced-column\">\n<section id=\"wp-block-themeisle-blocks-advanced-columns-b56443a0\" class=\"wp-block-themeisle-blocks-advanced-columns has-2-columns has-desktop-equal-layout has-tablet-equal-layout has-mobile-twoColumnGrid-layout has-vertical-center\"><div class=\"wp-block-themeisle-blocks-advanced-columns-overlay\"><\/div><div class=\"innerblocks-wrap\">\n<div id=\"wp-block-themeisle-blocks-advanced-column-1bb9ffb4\" class=\"wp-block-themeisle-blocks-advanced-column\"><figure class=\"wp-block-post-featured-image\"><img loading=\"lazy\" decoding=\"async\" width=\"354\" height=\"355\" src=\"https:\/\/poly-robotics.com\/wp-content\/uploads\/2024\/07\/ABB_valueproviderlabel-1.jpg\" class=\"attachment-post-thumbnail size-post-thumbnail wp-post-image\" alt=\"\" style=\"object-fit:cover;\" srcset=\"https:\/\/poly-robotics.com\/wp-content\/uploads\/2024\/07\/ABB_valueproviderlabel-1.jpg 354w, https:\/\/poly-robotics.com\/wp-content\/uploads\/2024\/07\/ABB_valueproviderlabel-1-300x300.jpg 300w, https:\/\/poly-robotics.com\/wp-content\/uploads\/2024\/07\/ABB_valueproviderlabel-1-150x150.jpg 150w\" sizes=\"auto, (max-width: 354px) 100vw, 354px\" \/><\/figure><\/div>\n\n\n\n<div id=\"wp-block-themeisle-blocks-advanced-column-e0a218d6\" class=\"wp-block-themeisle-blocks-advanced-column\">\n<h3 id=\"wp-block-themeisle-blocks-advanced-heading-5e479d6b\" class=\"wp-block-themeisle-blocks-advanced-heading wp-block-themeisle-blocks-advanced-heading-5e479d6b\"><br>POLY-ROBOTICS est membre du programme ABB \u00ab<em>VALUE PROVIDER<\/em> \u00bb&nbsp;<em> <\/em><\/h3>\n<\/div>\n<\/div><\/section>\n<\/div>\n<\/div><\/section>\n\n\n\n<div id=\"wp-block-themeisle-blocks-advanced-columns-bd78b2d2\" class=\"wp-block-themeisle-blocks-advanced-columns alignfull has-2-columns has-desktop-equal-layout has-tablet-equal-layout has-mobile-collapsedRows-layout has-vertical-unset ticss-ce69d1c2 has-dark-bg\"><div class=\"wp-block-themeisle-blocks-advanced-columns-overlay\"><\/div><div class=\"innerblocks-wrap\">\n<div id=\"wp-block-themeisle-blocks-advanced-column-e315fc07\" class=\"wp-block-themeisle-blocks-advanced-column\">\n<h6 id=\"wp-block-themeisle-blocks-advanced-heading-cb387a5e\" class=\"wp-block-themeisle-blocks-advanced-heading wp-block-themeisle-blocks-advanced-heading-cb387a5e\">Contactez-nous<\/h6>\n\n\n\n<h3 id=\"wp-block-themeisle-blocks-advanced-heading-f44bcbdc\" class=\"wp-block-themeisle-blocks-advanced-heading wp-block-themeisle-blocks-advanced-heading-f44bcbdc\">questions, informations ou pr\u00e9cisions, \u00e9crivez-nous<\/h3>\n\n\n\n<h4 id=\"wp-block-themeisle-blocks-advanced-heading-6eb36fea\" class=\"wp-block-themeisle-blocks-advanced-heading wp-block-themeisle-blocks-advanced-heading-6eb36fea\">n&rsquo;h\u00e9sitez pas \u00e0 entrer en contact, il nous fera plaisir de vous r\u00e9pondre<\/h4>\n\n\n\n<div style=\"height:10px\" aria-hidden=\"true\" class=\"wp-block-spacer\"><\/div>\n\n\n\n<div class=\"wp-block-group\"><div class=\"wp-block-group__inner-container is-layout-constrained wp-block-group-is-layout-constrained\">\n<p><strong>T\u00e9l\u00e9phone : 418-658-7659<\/strong><\/p>\n<\/div><\/div>\n\n\n\n<p><strong>T\u00e9l\u00e9phone sans frais : 1-844-558-7659<\/strong><\/p>\n\n\n\n<p><strong>Heures d&rsquo;ouverture :<\/strong> Lundi au vendredi 9h \u00e0 17h<\/p>\n\n\n\n<p><strong>Adresse :<\/strong> 2889 Avenue Kepler, Qu\u00e9bec<\/p>\n<\/div>\n\n\n\n<div id=\"wp-block-themeisle-blocks-advanced-column-82cd60cb\" class=\"wp-block-themeisle-blocks-advanced-column\">\n<div id=\"wp-block-themeisle-blocks-form-744b41f1\" class=\"wp-block-themeisle-blocks-form\" data-option-name=\"bf9b28ff82ce323187abc5d0feb0d8f07ecd8436_744b41f1\"><form class=\"otter-form__container\">\n<div id=\"wp-block-themeisle-blocks-form-input-eae159d0\" class=\"wp-block-themeisle-blocks-form-input\"><label for=\"wp-block-themeisle-blocks-form-input-eae159d0-input\" class=\"otter-form-input-label\"><span class=\"otter-form-input-label__label\"><strong>Nom<\/strong><\/span><span class=\"required\">*<\/span><\/label><input type=\"text\" id=\"wp-block-themeisle-blocks-form-input-eae159d0-input\" required class=\"otter-form-input\"\/><\/div>\n\n\n\n<div id=\"wp-block-themeisle-blocks-form-input-ae069df5\" class=\"wp-block-themeisle-blocks-form-input\"><label for=\"wp-block-themeisle-blocks-form-input-ae069df5-input\" class=\"otter-form-input-label\"><span class=\"otter-form-input-label__label\"><strong>Email<\/strong><\/span><span class=\"required\">*<\/span><\/label><input type=\"email\" id=\"wp-block-themeisle-blocks-form-input-ae069df5-input\" required class=\"otter-form-input\"\/><\/div>\n\n\n<div class=\"protection\" aria-hidden=\"true\"><input type=\"hidden\" id=\"wp-block-themeisle-blocks-form-744b41f1_nonce_field\" name=\"wp-block-themeisle-blocks-form-744b41f1_nonce_field\" value=\"117a79814c\" \/><input type=\"hidden\" name=\"_wp_http_referer\" value=\"\/index.php\/wp-json\/wp\/v2\/pages\/445\" \/><input class=\"o-anti-bot\" type=\"checkbox\"><\/div>\n\n\n<div id=\"wp-block-themeisle-blocks-form-textarea-52101201\" class=\"wp-block-themeisle-blocks-form-textarea\"><label for=\"wp-block-themeisle-blocks-form-textarea-52101201-input\" class=\"otter-form-textarea-label\"><span class=\"otter-form-textarea-label__label\"><strong>Message<\/strong><\/span><span class=\"required\">*<\/span><\/label><textarea id=\"wp-block-themeisle-blocks-form-textarea-52101201-input\" required rows=\"10\" class=\"otter-form-textarea-input\"><\/textarea><\/div>\n\n\n\n<p class=\"has-extra-small-font-size\"><sup>En soumettant ce formulaire, vous acceptez que vos coordonn\u00e9es soient stock\u00e9es chez nous.<\/sup><\/p>\n<div class=\"wp-block-button\"><button class=\"wp-block-button__link\" type=\"submit\">Envoyer<\/button><\/div><\/form><\/div>\n<\/div>\n<\/div><\/div>\n","protected":false},"excerpt":{"rendered":"","protected":false},"author":1,"featured_media":1071,"parent":0,"menu_order":0,"comment_status":"closed","ping_status":"closed","template":"page-templates\/template-pagebuilder-full-width.php","meta":{"neve_meta_sidebar":"default","neve_meta_container":"full-width","neve_meta_enable_content_width":"off","neve_meta_content_width":100,"neve_meta_title_alignment":"right","neve_meta_author_avatar":"","neve_post_elements_order":"","neve_meta_disable_header":"","neve_meta_disable_footer":"","neve_meta_disable_title":"","_themeisle_gutenberg_block_has_review":false,"footnotes":""},"class_list":["post-445","page","type-page","status-publish","has-post-thumbnail","hentry"],"featured_image_src":"https:\/\/poly-robotics.com\/wp-content\/uploads\/2024\/07\/ABB_valueproviderlabel-1.jpg","yoast_head":"<!-- This site is optimized with the Yoast SEO plugin v26.6 - https:\/\/yoast.com\/wordpress\/plugins\/seo\/ -->\n<title>Accueil - Poly-Robotics<\/title>\n<meta name=\"description\" content=\"Int\u00e9grateur en robotique industrielle sp\u00e9cialis\u00e9 en soudure. Situ\u00e9 \u00e0 Qu\u00e9bec, Poly-Robotics excelle dans la fabrication de machine sur mesure.\" \/>\n<meta name=\"robots\" content=\"index, follow, max-snippet:-1, max-image-preview:large, max-video-preview:-1\" \/>\n<link rel=\"canonical\" href=\"https:\/\/poly-robotics.com\/\" \/>\n<meta property=\"og:locale\" content=\"fr_CA\" \/>\n<meta property=\"og:type\" content=\"article\" \/>\n<meta property=\"og:title\" content=\"Accueil - Poly-Robotics\" \/>\n<meta property=\"og:description\" content=\"Int\u00e9grateur en robotique industrielle sp\u00e9cialis\u00e9 en soudure. Situ\u00e9 \u00e0 Qu\u00e9bec, Poly-Robotics excelle dans la fabrication de machine sur mesure.\" \/>\n<meta property=\"og:url\" content=\"https:\/\/poly-robotics.com\/\" \/>\n<meta property=\"og:site_name\" content=\"Poly-Robotics\" \/>\n<meta property=\"article:modified_time\" content=\"2025-08-14T13:55:27+00:00\" \/>\n<meta property=\"og:image\" content=\"https:\/\/poly-robotics.com\/wp-content\/uploads\/2024\/07\/ABB_valueproviderlabel-1.jpg\" \/>\n\t<meta property=\"og:image:width\" content=\"354\" \/>\n\t<meta property=\"og:image:height\" content=\"355\" \/>\n\t<meta property=\"og:image:type\" content=\"image\/jpeg\" \/>\n<meta name=\"twitter:card\" content=\"summary_large_image\" \/>\n<meta name=\"twitter:label1\" content=\"Estimation du temps de lecture\" \/>\n\t<meta name=\"twitter:data1\" content=\"1 minute\" \/>\n<script type=\"application\/ld+json\" class=\"yoast-schema-graph\">{\"@context\":\"https:\/\/schema.org\",\"@graph\":[{\"@type\":\"WebPage\",\"@id\":\"https:\/\/poly-robotics.com\/\",\"url\":\"https:\/\/poly-robotics.com\/\",\"name\":\"Accueil - Poly-Robotics\",\"isPartOf\":{\"@id\":\"https:\/\/poly-robotics.com\/#website\"},\"primaryImageOfPage\":{\"@id\":\"https:\/\/poly-robotics.com\/#primaryimage\"},\"image\":{\"@id\":\"https:\/\/poly-robotics.com\/#primaryimage\"},\"thumbnailUrl\":\"https:\/\/poly-robotics.com\/wp-content\/uploads\/2024\/07\/ABB_valueproviderlabel-1.jpg\",\"datePublished\":\"2023-11-10T16:21:10+00:00\",\"dateModified\":\"2025-08-14T13:55:27+00:00\",\"description\":\"Int\u00e9grateur en robotique industrielle sp\u00e9cialis\u00e9 en soudure. Situ\u00e9 \u00e0 Qu\u00e9bec, Poly-Robotics excelle dans la fabrication de machine sur mesure.\",\"breadcrumb\":{\"@id\":\"https:\/\/poly-robotics.com\/#breadcrumb\"},\"inLanguage\":\"fr-CA\",\"potentialAction\":[{\"@type\":\"ReadAction\",\"target\":[\"https:\/\/poly-robotics.com\/\"]}]},{\"@type\":\"ImageObject\",\"inLanguage\":\"fr-CA\",\"@id\":\"https:\/\/poly-robotics.com\/#primaryimage\",\"url\":\"https:\/\/poly-robotics.com\/wp-content\/uploads\/2024\/07\/ABB_valueproviderlabel-1.jpg\",\"contentUrl\":\"https:\/\/poly-robotics.com\/wp-content\/uploads\/2024\/07\/ABB_valueproviderlabel-1.jpg\",\"width\":354,\"height\":355},{\"@type\":\"BreadcrumbList\",\"@id\":\"https:\/\/poly-robotics.com\/#breadcrumb\",\"itemListElement\":[{\"@type\":\"ListItem\",\"position\":1,\"name\":\"Accueil\",\"item\":\"https:\/\/poly-robotics.com\/\"},{\"@type\":\"ListItem\",\"position\":2,\"name\":\"Accueil\"}]},{\"@type\":\"WebSite\",\"@id\":\"https:\/\/poly-robotics.com\/#website\",\"url\":\"https:\/\/poly-robotics.com\/\",\"name\":\"Poly-Robotics\",\"description\":\"\",\"publisher\":{\"@id\":\"https:\/\/poly-robotics.com\/#organization\"},\"potentialAction\":[{\"@type\":\"SearchAction\",\"target\":{\"@type\":\"EntryPoint\",\"urlTemplate\":\"https:\/\/poly-robotics.com\/?s={search_term_string}\"},\"query-input\":{\"@type\":\"PropertyValueSpecification\",\"valueRequired\":true,\"valueName\":\"search_term_string\"}}],\"inLanguage\":\"fr-CA\"},{\"@type\":\"Organization\",\"@id\":\"https:\/\/poly-robotics.com\/#organization\",\"name\":\"Poly-Robotics\",\"url\":\"https:\/\/poly-robotics.com\/\",\"logo\":{\"@type\":\"ImageObject\",\"inLanguage\":\"fr-CA\",\"@id\":\"https:\/\/poly-robotics.com\/#\/schema\/logo\/image\/\",\"url\":\"https:\/\/poly-robotics.com\/wp-content\/uploads\/2023\/11\/PolyRobotic_CMYK-Blanc.png\",\"contentUrl\":\"https:\/\/poly-robotics.com\/wp-content\/uploads\/2023\/11\/PolyRobotic_CMYK-Blanc.png\",\"width\":800,\"height\":382,\"caption\":\"Poly-Robotics\"},\"image\":{\"@id\":\"https:\/\/poly-robotics.com\/#\/schema\/logo\/image\/\"}}]}<\/script>\n<!-- \/ Yoast SEO plugin. -->","yoast_head_json":{"title":"Accueil - Poly-Robotics","description":"Int\u00e9grateur en robotique industrielle sp\u00e9cialis\u00e9 en soudure. Situ\u00e9 \u00e0 Qu\u00e9bec, Poly-Robotics excelle dans la fabrication de machine sur mesure.","robots":{"index":"index","follow":"follow","max-snippet":"max-snippet:-1","max-image-preview":"max-image-preview:large","max-video-preview":"max-video-preview:-1"},"canonical":"https:\/\/poly-robotics.com\/","og_locale":"fr_CA","og_type":"article","og_title":"Accueil - Poly-Robotics","og_description":"Int\u00e9grateur en robotique industrielle sp\u00e9cialis\u00e9 en soudure. Situ\u00e9 \u00e0 Qu\u00e9bec, Poly-Robotics excelle dans la fabrication de machine sur mesure.","og_url":"https:\/\/poly-robotics.com\/","og_site_name":"Poly-Robotics","article_modified_time":"2025-08-14T13:55:27+00:00","og_image":[{"width":354,"height":355,"url":"https:\/\/poly-robotics.com\/wp-content\/uploads\/2024\/07\/ABB_valueproviderlabel-1.jpg","type":"image\/jpeg"}],"twitter_card":"summary_large_image","twitter_misc":{"Estimation du temps de lecture":"1 minute"},"schema":{"@context":"https:\/\/schema.org","@graph":[{"@type":"WebPage","@id":"https:\/\/poly-robotics.com\/","url":"https:\/\/poly-robotics.com\/","name":"Accueil - Poly-Robotics","isPartOf":{"@id":"https:\/\/poly-robotics.com\/#website"},"primaryImageOfPage":{"@id":"https:\/\/poly-robotics.com\/#primaryimage"},"image":{"@id":"https:\/\/poly-robotics.com\/#primaryimage"},"thumbnailUrl":"https:\/\/poly-robotics.com\/wp-content\/uploads\/2024\/07\/ABB_valueproviderlabel-1.jpg","datePublished":"2023-11-10T16:21:10+00:00","dateModified":"2025-08-14T13:55:27+00:00","description":"Int\u00e9grateur en robotique industrielle sp\u00e9cialis\u00e9 en soudure. Situ\u00e9 \u00e0 Qu\u00e9bec, Poly-Robotics excelle dans la fabrication de machine sur mesure.","breadcrumb":{"@id":"https:\/\/poly-robotics.com\/#breadcrumb"},"inLanguage":"fr-CA","potentialAction":[{"@type":"ReadAction","target":["https:\/\/poly-robotics.com\/"]}]},{"@type":"ImageObject","inLanguage":"fr-CA","@id":"https:\/\/poly-robotics.com\/#primaryimage","url":"https:\/\/poly-robotics.com\/wp-content\/uploads\/2024\/07\/ABB_valueproviderlabel-1.jpg","contentUrl":"https:\/\/poly-robotics.com\/wp-content\/uploads\/2024\/07\/ABB_valueproviderlabel-1.jpg","width":354,"height":355},{"@type":"BreadcrumbList","@id":"https:\/\/poly-robotics.com\/#breadcrumb","itemListElement":[{"@type":"ListItem","position":1,"name":"Accueil","item":"https:\/\/poly-robotics.com\/"},{"@type":"ListItem","position":2,"name":"Accueil"}]},{"@type":"WebSite","@id":"https:\/\/poly-robotics.com\/#website","url":"https:\/\/poly-robotics.com\/","name":"Poly-Robotics","description":"","publisher":{"@id":"https:\/\/poly-robotics.com\/#organization"},"potentialAction":[{"@type":"SearchAction","target":{"@type":"EntryPoint","urlTemplate":"https:\/\/poly-robotics.com\/?s={search_term_string}"},"query-input":{"@type":"PropertyValueSpecification","valueRequired":true,"valueName":"search_term_string"}}],"inLanguage":"fr-CA"},{"@type":"Organization","@id":"https:\/\/poly-robotics.com\/#organization","name":"Poly-Robotics","url":"https:\/\/poly-robotics.com\/","logo":{"@type":"ImageObject","inLanguage":"fr-CA","@id":"https:\/\/poly-robotics.com\/#\/schema\/logo\/image\/","url":"https:\/\/poly-robotics.com\/wp-content\/uploads\/2023\/11\/PolyRobotic_CMYK-Blanc.png","contentUrl":"https:\/\/poly-robotics.com\/wp-content\/uploads\/2023\/11\/PolyRobotic_CMYK-Blanc.png","width":800,"height":382,"caption":"Poly-Robotics"},"image":{"@id":"https:\/\/poly-robotics.com\/#\/schema\/logo\/image\/"}}]}},"_links":{"self":[{"href":"https:\/\/poly-robotics.com\/index.php\/wp-json\/wp\/v2\/pages\/445","targetHints":{"allow":["GET"]}}],"collection":[{"href":"https:\/\/poly-robotics.com\/index.php\/wp-json\/wp\/v2\/pages"}],"about":[{"href":"https:\/\/poly-robotics.com\/index.php\/wp-json\/wp\/v2\/types\/page"}],"author":[{"embeddable":true,"href":"https:\/\/poly-robotics.com\/index.php\/wp-json\/wp\/v2\/users\/1"}],"replies":[{"embeddable":true,"href":"https:\/\/poly-robotics.com\/index.php\/wp-json\/wp\/v2\/comments?post=445"}],"version-history":[{"count":124,"href":"https:\/\/poly-robotics.com\/index.php\/wp-json\/wp\/v2\/pages\/445\/revisions"}],"predecessor-version":[{"id":1595,"href":"https:\/\/poly-robotics.com\/index.php\/wp-json\/wp\/v2\/pages\/445\/revisions\/1595"}],"wp:featuredmedia":[{"embeddable":true,"href":"https:\/\/poly-robotics.com\/index.php\/wp-json\/wp\/v2\/media\/1071"}],"wp:attachment":[{"href":"https:\/\/poly-robotics.com\/index.php\/wp-json\/wp\/v2\/media?parent=445"}],"curies":[{"name":"wp","href":"https:\/\/api.w.org\/{rel}","templated":true}]}}