{"id":220,"date":"2020-02-04T06:31:11","date_gmt":"2020-02-04T06:31:11","guid":{"rendered":"https:\/\/demosites.io\/architecture-gb\/?page_id=220"},"modified":"2025-01-14T10:11:05","modified_gmt":"2025-01-14T15:11:05","slug":"contact","status":"publish","type":"page","link":"https:\/\/poly-robotics.com\/index.php\/contact\/","title":{"rendered":"Contact"},"content":{"rendered":"\n<div id=\"wp-block-themeisle-blocks-advanced-columns-71126027\" class=\"wp-block-themeisle-blocks-advanced-columns alignfull has-1-columns has-desktop-equal-layout has-tablet-equal-layout has-mobile-equal-layout has-vertical-center\"><div class=\"wp-block-themeisle-blocks-advanced-columns-overlay\"><\/div><div class=\"innerblocks-wrap\">\n<div id=\"wp-block-themeisle-blocks-advanced-column-3173e8ac\" class=\"wp-block-themeisle-blocks-advanced-column\">\n<h1 class=\"wp-block-heading has-text-align-center has-nv-text-dark-bg-color has-text-color\">Contactez-nous<\/h1>\n<\/div>\n<\/div><\/div>\n\n\n\n<div id=\"wp-block-themeisle-blocks-advanced-columns-bd78b2d2\" class=\"wp-block-themeisle-blocks-advanced-columns alignfull has-2-columns has-desktop-equal-layout has-tablet-equal-layout has-mobile-collapsedRows-layout has-vertical-unset ticss-ce69d1c2  has-dark-bg\"><div class=\"wp-block-themeisle-blocks-advanced-columns-overlay\"><\/div><div class=\"innerblocks-wrap\">\n<div id=\"wp-block-themeisle-blocks-advanced-column-e315fc07\" class=\"wp-block-themeisle-blocks-advanced-column\">\n<h6 id=\"wp-block-themeisle-blocks-advanced-heading-cb387a5e\" class=\"wp-block-themeisle-blocks-advanced-heading wp-block-themeisle-blocks-advanced-heading-cb387a5e\">nous rejoindre<\/h6>\n\n\n\n<h3 id=\"wp-block-themeisle-blocks-advanced-heading-f44bcbdc\" class=\"wp-block-themeisle-blocks-advanced-heading wp-block-themeisle-blocks-advanced-heading-f44bcbdc\">poly-robotics a l&rsquo;exp\u00e9rience et les ressources pour faire de votre projet un succ\u00e8s<\/h3>\n\n\n\n<h4 id=\"wp-block-themeisle-blocks-advanced-heading-6eb36fea\" class=\"wp-block-themeisle-blocks-advanced-heading wp-block-themeisle-blocks-advanced-heading-6eb36fea\">Questions, id\u00e9es, volont\u00e9  contactez-nous<\/h4>\n\n\n\n<div style=\"height:39px\" aria-hidden=\"true\" class=\"wp-block-spacer\"><\/div>\n\n\n\n<p id=\"wp-block-themeisle-blocks-advanced-heading-ed28bb9c\" class=\"wp-block-themeisle-blocks-advanced-heading wp-block-themeisle-blocks-advanced-heading-ed28bb9c\"><strong>num\u00e9ro de t\u00e9l\u00e9phone : 418-658-7659<\/strong><\/p>\n\n\n\n<p><strong>NUM\u00c9RO DE T\u00c9L\u00c9PHONE SANS FRAIS : 1-844-558-7659<\/strong><\/p>\n\n\n\n<p><strong>HEURES D&rsquo;OUVERTURE : LUNDI AU VENDREDI 9H \u00c0 17H<\/strong><\/p>\n<\/div>\n\n\n\n<div id=\"wp-block-themeisle-blocks-advanced-column-82cd60cb\" class=\"wp-block-themeisle-blocks-advanced-column has-light-bg\">\n<div id=\"wp-block-themeisle-blocks-form-744b41f1\" class=\"wp-block-themeisle-blocks-form\" data-option-name=\"bf9b28ff82ce323187abc5d0feb0d8f07ecd8436_744b41f1\"><form class=\"otter-form__container\">\n<div id=\"wp-block-themeisle-blocks-form-input-eae159d0\" class=\"wp-block-themeisle-blocks-form-input\"><label for=\"wp-block-themeisle-blocks-form-input-eae159d0-input\" class=\"otter-form-input-label\"><span class=\"otter-form-input-label__label\"><strong>Nom<\/strong><\/span><span class=\"required\">*<\/span><\/label><input type=\"text\" id=\"wp-block-themeisle-blocks-form-input-eae159d0-input\" required class=\"otter-form-input\"\/><\/div>\n\n\n\n<div id=\"wp-block-themeisle-blocks-form-input-ae069df5\" class=\"wp-block-themeisle-blocks-form-input\"><label for=\"wp-block-themeisle-blocks-form-input-ae069df5-input\" class=\"otter-form-input-label\"><span class=\"otter-form-input-label__label\"><strong>Email<\/strong><\/span><span class=\"required\">*<\/span><\/label><input type=\"email\" id=\"wp-block-themeisle-blocks-form-input-ae069df5-input\" required class=\"otter-form-input\"\/><\/div>\n\n\n<div class=\"protection\" aria-hidden=\"true\"><input type=\"hidden\" id=\"wp-block-themeisle-blocks-form-744b41f1_nonce_field\" name=\"wp-block-themeisle-blocks-form-744b41f1_nonce_field\" value=\"28fc6a20dd\" \/><input type=\"hidden\" name=\"_wp_http_referer\" value=\"\/index.php\/wp-json\/wp\/v2\/pages\/220\" \/><input class=\"o-anti-bot\" type=\"checkbox\"><\/div>\n\n\n<div id=\"wp-block-themeisle-blocks-form-textarea-52101201\" class=\"wp-block-themeisle-blocks-form-textarea\"><label for=\"wp-block-themeisle-blocks-form-textarea-52101201-input\" class=\"otter-form-textarea-label\"><span class=\"otter-form-textarea-label__label\"><strong>Message<\/strong><\/span><\/label><textarea id=\"wp-block-themeisle-blocks-form-textarea-52101201-input\" rows=\"10\" class=\"otter-form-textarea-input\"><\/textarea><\/div>\n\n\n\n<p class=\"has-extra-small-font-size\"><sup>Vous acceptez de recevoir une r\u00e9ponse par e-mail de notre part en soumettant ce formulaire et comprenez que vos coordonn\u00e9es seront stock\u00e9es chez nous.<\/sup><\/p>\n<div class=\"wp-block-button\"><button class=\"wp-block-button__link\" type=\"submit\">Envoyer<\/button><\/div><\/form><\/div>\n<\/div>\n<\/div><\/div>\n\n\n\n<div id=\"wp-block-themeisle-blocks-advanced-columns-cbc15133\" class=\"wp-block-themeisle-blocks-advanced-columns alignfull has-2-columns has-desktop-equal-layout has-tablet-equal-layout has-mobile-collapsedRows-layout has-vertical-unset has-light-bg\"><div class=\"wp-block-themeisle-blocks-advanced-columns-overlay\"><\/div><div class=\"innerblocks-wrap\">\n<div id=\"wp-block-themeisle-blocks-advanced-column-fbcfd592\" class=\"wp-block-themeisle-blocks-advanced-column\"><div style=\"height:400pxpx;\" class=\"wp-block-themeisle-blocks-leaflet-map\" id=\"wp-block-themeisle-blocks-leaflet-map-16edc0e8\"><\/div>\n<script type=\"text\/javascript\">\n\t\/* <![CDATA[ *\/\n\t\tif ( ! window.themeisleLeafletMaps ) window.themeisleLeafletMaps =[];\n\t\twindow.themeisleLeafletMaps.push( { container: \"wp-block-themeisle-blocks-leaflet-map-16edc0e8\", attributes: {\"id\":\"wp-block-themeisle-blocks-leaflet-map-16edc0e8\",\"location\":\"2889 av kepler\",\"latitude\":\"46.78659550385496\",\"longitude\":\"-71.31499707698823\",\"bbox\":\"-71.31636500358583,46.78586087652085,-71.31362915039064,46.7873301211635\",\"zoom\":18,\"markers\":[{\"id\":\"8da4a02a-b1fc-4be1-bfb6-d1da7c2f2740\",\"latitude\":46.78666161982325633061918779276311397552490234375,\"longitude\":-71.3149166107177876483547152020037174224853515625,\"title\":\"Poly-Robotics\",\"description\":\"\"}],\"height\":\"400px\",\"zoomControl\":true,\"draggable\":true,\"hasCustomCSS\":false,\"customCSS\":\"\",\"otterConditions\":[]} } );\n\t\/* ]]> *\/\n<\/script>\n<\/div>\n\n\n\n<div id=\"wp-block-themeisle-blocks-advanced-column-b56785f3\" class=\"wp-block-themeisle-blocks-advanced-column\">\n<h6 id=\"wp-block-themeisle-blocks-advanced-heading-0282c727\" class=\"wp-block-themeisle-blocks-advanced-heading wp-block-themeisle-blocks-advanced-heading-0282c727\">NOS BUREAUX<\/h6>\n\n\n\n<h2 class=\"wp-block-heading\">SITU\u00c9 \u00c0 QU\u00c9BEC<\/h2>\n\n\n\n<div style=\"height:7px\" aria-hidden=\"true\" class=\"wp-block-spacer\"><\/div>\n\n\n\n<p><strong>NOTRE ADRESSE :<\/strong><br>2889 Ave Kepler, Qu\u00e9bec City, Quebec, G1X 3V4<\/p>\n\n\n\n<p><strong>NUM\u00c9RO DE T\u00c9L\u00c9PHONE : 418-658-7659<\/strong><\/p>\n\n\n\n<p><strong>NUM\u00c9RO DE T\u00c9L\u00c9PHONE SANS FRAIS : 1-844-558-7659<\/strong><\/p>\n\n\n\n<p><strong>HEURES D&rsquo;OUVERTURE :<\/strong> Lundi au vendredi de 9h \u00e0 17h<\/p>\n<\/div>\n<\/div><\/div>\n","protected":false},"excerpt":{"rendered":"","protected":false},"author":1,"featured_media":0,"parent":0,"menu_order":0,"comment_status":"closed","ping_status":"closed","template":"page-templates\/template-pagebuilder-full-width.php","meta":{"neve_meta_sidebar":"full-width","neve_meta_container":"","neve_meta_enable_content_width":"on","neve_meta_content_width":100,"neve_meta_title_alignment":"","neve_meta_author_avatar":"","neve_post_elements_order":"","neve_meta_disable_header":"","neve_meta_disable_footer":"","neve_meta_disable_title":"","_themeisle_gutenberg_block_has_review":false,"footnotes":""},"class_list":["post-220","page","type-page","status-publish","hentry"],"featured_image_src":null,"yoast_head":"<!-- This site is optimized with the Yoast SEO plugin v26.6 - https:\/\/yoast.com\/wordpress\/plugins\/seo\/ -->\n<title>Contact - Poly-Robotics<\/title>\n<meta name=\"robots\" content=\"index, follow, max-snippet:-1, max-image-preview:large, max-video-preview:-1\" \/>\n<link rel=\"canonical\" href=\"https:\/\/poly-robotics.com\/index.php\/contact\/\" \/>\n<meta property=\"og:locale\" content=\"fr_CA\" \/>\n<meta property=\"og:type\" content=\"article\" \/>\n<meta property=\"og:title\" content=\"Contact - Poly-Robotics\" \/>\n<meta property=\"og:url\" content=\"https:\/\/poly-robotics.com\/index.php\/contact\/\" \/>\n<meta property=\"og:site_name\" content=\"Poly-Robotics\" \/>\n<meta property=\"article:modified_time\" content=\"2025-01-14T15:11:05+00:00\" \/>\n<meta name=\"twitter:card\" content=\"summary_large_image\" \/>\n<meta name=\"twitter:label1\" content=\"Estimation du temps de lecture\" \/>\n\t<meta name=\"twitter:data1\" content=\"1 minute\" \/>\n<script type=\"application\/ld+json\" class=\"yoast-schema-graph\">{\"@context\":\"https:\/\/schema.org\",\"@graph\":[{\"@type\":\"WebPage\",\"@id\":\"https:\/\/poly-robotics.com\/index.php\/contact\/\",\"url\":\"https:\/\/poly-robotics.com\/index.php\/contact\/\",\"name\":\"Contact - Poly-Robotics\",\"isPartOf\":{\"@id\":\"https:\/\/poly-robotics.com\/#website\"},\"datePublished\":\"2020-02-04T06:31:11+00:00\",\"dateModified\":\"2025-01-14T15:11:05+00:00\",\"breadcrumb\":{\"@id\":\"https:\/\/poly-robotics.com\/index.php\/contact\/#breadcrumb\"},\"inLanguage\":\"fr-CA\",\"potentialAction\":[{\"@type\":\"ReadAction\",\"target\":[\"https:\/\/poly-robotics.com\/index.php\/contact\/\"]}]},{\"@type\":\"BreadcrumbList\",\"@id\":\"https:\/\/poly-robotics.com\/index.php\/contact\/#breadcrumb\",\"itemListElement\":[{\"@type\":\"ListItem\",\"position\":1,\"name\":\"Accueil\",\"item\":\"https:\/\/poly-robotics.com\/\"},{\"@type\":\"ListItem\",\"position\":2,\"name\":\"Contact\"}]},{\"@type\":\"WebSite\",\"@id\":\"https:\/\/poly-robotics.com\/#website\",\"url\":\"https:\/\/poly-robotics.com\/\",\"name\":\"Poly-Robotics\",\"description\":\"\",\"publisher\":{\"@id\":\"https:\/\/poly-robotics.com\/#organization\"},\"potentialAction\":[{\"@type\":\"SearchAction\",\"target\":{\"@type\":\"EntryPoint\",\"urlTemplate\":\"https:\/\/poly-robotics.com\/?s={search_term_string}\"},\"query-input\":{\"@type\":\"PropertyValueSpecification\",\"valueRequired\":true,\"valueName\":\"search_term_string\"}}],\"inLanguage\":\"fr-CA\"},{\"@type\":\"Organization\",\"@id\":\"https:\/\/poly-robotics.com\/#organization\",\"name\":\"Poly-Robotics\",\"url\":\"https:\/\/poly-robotics.com\/\",\"logo\":{\"@type\":\"ImageObject\",\"inLanguage\":\"fr-CA\",\"@id\":\"https:\/\/poly-robotics.com\/#\/schema\/logo\/image\/\",\"url\":\"https:\/\/poly-robotics.com\/wp-content\/uploads\/2023\/11\/PolyRobotic_CMYK-Blanc.png\",\"contentUrl\":\"https:\/\/poly-robotics.com\/wp-content\/uploads\/2023\/11\/PolyRobotic_CMYK-Blanc.png\",\"width\":800,\"height\":382,\"caption\":\"Poly-Robotics\"},\"image\":{\"@id\":\"https:\/\/poly-robotics.com\/#\/schema\/logo\/image\/\"}}]}<\/script>\n<!-- \/ Yoast SEO plugin. -->","yoast_head_json":{"title":"Contact - Poly-Robotics","robots":{"index":"index","follow":"follow","max-snippet":"max-snippet:-1","max-image-preview":"max-image-preview:large","max-video-preview":"max-video-preview:-1"},"canonical":"https:\/\/poly-robotics.com\/index.php\/contact\/","og_locale":"fr_CA","og_type":"article","og_title":"Contact - Poly-Robotics","og_url":"https:\/\/poly-robotics.com\/index.php\/contact\/","og_site_name":"Poly-Robotics","article_modified_time":"2025-01-14T15:11:05+00:00","twitter_card":"summary_large_image","twitter_misc":{"Estimation du temps de lecture":"1 minute"},"schema":{"@context":"https:\/\/schema.org","@graph":[{"@type":"WebPage","@id":"https:\/\/poly-robotics.com\/index.php\/contact\/","url":"https:\/\/poly-robotics.com\/index.php\/contact\/","name":"Contact - Poly-Robotics","isPartOf":{"@id":"https:\/\/poly-robotics.com\/#website"},"datePublished":"2020-02-04T06:31:11+00:00","dateModified":"2025-01-14T15:11:05+00:00","breadcrumb":{"@id":"https:\/\/poly-robotics.com\/index.php\/contact\/#breadcrumb"},"inLanguage":"fr-CA","potentialAction":[{"@type":"ReadAction","target":["https:\/\/poly-robotics.com\/index.php\/contact\/"]}]},{"@type":"BreadcrumbList","@id":"https:\/\/poly-robotics.com\/index.php\/contact\/#breadcrumb","itemListElement":[{"@type":"ListItem","position":1,"name":"Accueil","item":"https:\/\/poly-robotics.com\/"},{"@type":"ListItem","position":2,"name":"Contact"}]},{"@type":"WebSite","@id":"https:\/\/poly-robotics.com\/#website","url":"https:\/\/poly-robotics.com\/","name":"Poly-Robotics","description":"","publisher":{"@id":"https:\/\/poly-robotics.com\/#organization"},"potentialAction":[{"@type":"SearchAction","target":{"@type":"EntryPoint","urlTemplate":"https:\/\/poly-robotics.com\/?s={search_term_string}"},"query-input":{"@type":"PropertyValueSpecification","valueRequired":true,"valueName":"search_term_string"}}],"inLanguage":"fr-CA"},{"@type":"Organization","@id":"https:\/\/poly-robotics.com\/#organization","name":"Poly-Robotics","url":"https:\/\/poly-robotics.com\/","logo":{"@type":"ImageObject","inLanguage":"fr-CA","@id":"https:\/\/poly-robotics.com\/#\/schema\/logo\/image\/","url":"https:\/\/poly-robotics.com\/wp-content\/uploads\/2023\/11\/PolyRobotic_CMYK-Blanc.png","contentUrl":"https:\/\/poly-robotics.com\/wp-content\/uploads\/2023\/11\/PolyRobotic_CMYK-Blanc.png","width":800,"height":382,"caption":"Poly-Robotics"},"image":{"@id":"https:\/\/poly-robotics.com\/#\/schema\/logo\/image\/"}}]}},"_links":{"self":[{"href":"https:\/\/poly-robotics.com\/index.php\/wp-json\/wp\/v2\/pages\/220","targetHints":{"allow":["GET"]}}],"collection":[{"href":"https:\/\/poly-robotics.com\/index.php\/wp-json\/wp\/v2\/pages"}],"about":[{"href":"https:\/\/poly-robotics.com\/index.php\/wp-json\/wp\/v2\/types\/page"}],"author":[{"embeddable":true,"href":"https:\/\/poly-robotics.com\/index.php\/wp-json\/wp\/v2\/users\/1"}],"replies":[{"embeddable":true,"href":"https:\/\/poly-robotics.com\/index.php\/wp-json\/wp\/v2\/comments?post=220"}],"version-history":[{"count":27,"href":"https:\/\/poly-robotics.com\/index.php\/wp-json\/wp\/v2\/pages\/220\/revisions"}],"predecessor-version":[{"id":1442,"href":"https:\/\/poly-robotics.com\/index.php\/wp-json\/wp\/v2\/pages\/220\/revisions\/1442"}],"wp:attachment":[{"href":"https:\/\/poly-robotics.com\/index.php\/wp-json\/wp\/v2\/media?parent=220"}],"curies":[{"name":"wp","href":"https:\/\/api.w.org\/{rel}","templated":true}]}}